{"id":671,"date":"2024-01-30T12:21:05","date_gmt":"2024-01-30T12:21:05","guid":{"rendered":"https:\/\/arme.academiaindustrial.com\/?post_type=product&#038;p=671"},"modified":"2024-01-30T12:41:02","modified_gmt":"2024-01-30T12:41:02","slug":"desarrollador-de-negocio","status":"publish","type":"product","link":"https:\/\/arme.academiaindustrial.com\/?product=desarrollador-de-negocio","title":{"rendered":"03. Desarrollador de negocio."},"content":{"rendered":"<p>M\u00f3dulo 4. 300h.<\/p>\n<ol>\n<li>Proveedores e integradores de rob\u00f3tica m\u00f3vil y otros sistemas autom\u00e1ticos. Diferencias y ventajas competitivas.<\/li>\n<li>Dise\u00f1o de aplicaciones: c\u00e1lculo de n\u00famero de robots, ventajas y desventajas de los tipos de robots, procesos de cliente final en sector eCommerce, Automoci\u00f3n, FMCG, Log\u00edstica, Aeroespacial.<\/li>\n<li>Ventas y negociaci\u00f3n en el mundo. Finanzas.<\/li>\n<\/ol>\n","protected":false},"excerpt":{"rendered":"<p>M\u00f3dulo 4. 300h.<\/p>\n<ol>\n<li>Integradores, dise\u00f1o, ventas y finanzas.<\/li>\n<\/ol>\n","protected":false},"featured_media":624,"template":"","meta":{"_genesis_hide_title":false,"_genesis_hide_breadcrumbs":false,"_genesis_hide_singular_image":false,"_genesis_hide_footer_widgets":false,"_genesis_custom_body_class":"","_genesis_custom_post_class":"","_genesis_layout":""},"product_cat":[63],"product_tag":[],"class_list":{"0":"post-671","1":"product","2":"type-product","3":"status-publish","4":"has-post-thumbnail","6":"product_cat-tecnico-instalador","7":"post","8":"entry","10":"first","11":"outofstock","12":"virtual","13":"taxable","14":"purchasable","15":"product-type-simple"},"_links":{"self":[{"href":"https:\/\/arme.academiaindustrial.com\/index.php?rest_route=\/wp\/v2\/product\/671","targetHints":{"allow":["GET"]}}],"collection":[{"href":"https:\/\/arme.academiaindustrial.com\/index.php?rest_route=\/wp\/v2\/product"}],"about":[{"href":"https:\/\/arme.academiaindustrial.com\/index.php?rest_route=\/wp\/v2\/types\/product"}],"wp:featuredmedia":[{"embeddable":true,"href":"https:\/\/arme.academiaindustrial.com\/index.php?rest_route=\/wp\/v2\/media\/624"}],"wp:attachment":[{"href":"https:\/\/arme.academiaindustrial.com\/index.php?rest_route=%2Fwp%2Fv2%2Fmedia&parent=671"}],"wp:term":[{"taxonomy":"product_cat","embeddable":true,"href":"https:\/\/arme.academiaindustrial.com\/index.php?rest_route=%2Fwp%2Fv2%2Fproduct_cat&post=671"},{"taxonomy":"product_tag","embeddable":true,"href":"https:\/\/arme.academiaindustrial.com\/index.php?rest_route=%2Fwp%2Fv2%2Fproduct_tag&post=671"}],"curies":[{"name":"wp","href":"https:\/\/api.w.org\/{rel}","templated":true}]}}