{"id":669,"date":"2024-01-30T12:12:51","date_gmt":"2024-01-30T12:12:51","guid":{"rendered":"https:\/\/arme.academiaindustrial.com\/?post_type=product&#038;p=669"},"modified":"2024-01-30T12:40:07","modified_gmt":"2024-01-30T12:40:07","slug":"tecnico-instalador","status":"publish","type":"product","link":"https:\/\/arme.academiaindustrial.com\/?product=tecnico-instalador","title":{"rendered":"01. T\u00e9cnico instalador"},"content":{"rendered":"<p>M\u00f3dulo 1. Tecnolog\u00edas (60h)<\/p>\n<ol>\n<li>Tipos de robots m\u00f3viles y aplicaciones.<\/li>\n<li>Cinem\u00e1tica del veh\u00edculo.<\/li>\n<li>Localizaci\u00f3n y navegaci\u00f3n.<\/li>\n<li>Seguridad.<\/li>\n<li>Energ\u00eda.<\/li>\n<li>Control.<\/li>\n<li>Comunicaciones.<\/li>\n<li>Normativa europea y americana.<\/li>\n<\/ol>\n<p>M\u00f3dulo 2. Programaci\u00f3n de robot (160h)<\/p>\n<ol>\n<li>Bluebotics.<\/li>\n<li>Kollmorgen.<\/li>\n<li>Beta robots.<\/li>\n<li>Guiado.<\/li>\n<\/ol>\n","protected":false},"excerpt":{"rendered":"<ul>\n<li>M\u00f3dulo 1. Tecnolog\u00edas (60h)<\/li>\n<li>M\u00f3dulo 2. Programaci\u00f3n de robot (160h)<\/li>\n<\/ul>\n<p>&nbsp;<\/p>\n","protected":false},"featured_media":645,"template":"","meta":{"_genesis_hide_title":false,"_genesis_hide_breadcrumbs":false,"_genesis_hide_singular_image":false,"_genesis_hide_footer_widgets":false,"_genesis_custom_body_class":"","_genesis_custom_post_class":"","_genesis_layout":""},"product_cat":[63],"product_tag":[],"class_list":{"0":"post-669","1":"product","2":"type-product","3":"status-publish","4":"has-post-thumbnail","6":"product_cat-tecnico-instalador","7":"post","8":"entry","10":"first","11":"outofstock","12":"virtual","13":"taxable","14":"purchasable","15":"product-type-simple"},"_links":{"self":[{"href":"https:\/\/arme.academiaindustrial.com\/index.php?rest_route=\/wp\/v2\/product\/669","targetHints":{"allow":["GET"]}}],"collection":[{"href":"https:\/\/arme.academiaindustrial.com\/index.php?rest_route=\/wp\/v2\/product"}],"about":[{"href":"https:\/\/arme.academiaindustrial.com\/index.php?rest_route=\/wp\/v2\/types\/product"}],"wp:featuredmedia":[{"embeddable":true,"href":"https:\/\/arme.academiaindustrial.com\/index.php?rest_route=\/wp\/v2\/media\/645"}],"wp:attachment":[{"href":"https:\/\/arme.academiaindustrial.com\/index.php?rest_route=%2Fwp%2Fv2%2Fmedia&parent=669"}],"wp:term":[{"taxonomy":"product_cat","embeddable":true,"href":"https:\/\/arme.academiaindustrial.com\/index.php?rest_route=%2Fwp%2Fv2%2Fproduct_cat&post=669"},{"taxonomy":"product_tag","embeddable":true,"href":"https:\/\/arme.academiaindustrial.com\/index.php?rest_route=%2Fwp%2Fv2%2Fproduct_tag&post=669"}],"curies":[{"name":"wp","href":"https:\/\/api.w.org\/{rel}","templated":true}]}}