{"id":553,"date":"2024-01-16T11:11:17","date_gmt":"2024-01-16T11:11:17","guid":{"rendered":"https:\/\/arme.academiaindustrial.com\/?page_id=553"},"modified":"2024-01-30T12:45:27","modified_gmt":"2024-01-30T12:45:27","slug":"home-arme","status":"publish","type":"page","link":"https:\/\/arme.academiaindustrial.com\/","title":{"rendered":"HOME ARME"},"content":{"rendered":"<h2 class=\"titulo\" style=\"text-align: center; font-size: 7.6rem;\">Academy<\/h2>\n<h2 class=\"h2-titulo\" style=\"text-align: center;\">\u00a1Descubra nuestras 3+1 \u00e1reas de conocimiento especializadas!<\/h2>\n<p style=\"text-align: center;\">Le ayudamos a impulsar su carrera profesional y alcanzar el \u00e9xito en el mundo de la rob\u00f3tica m\u00f3vil, dot\u00e1ndole\u00a0 de formaci\u00f3n diferencial.<\/p>\n<p class=\"ultim-p\" style=\"text-align: center;\">Potencie sus habilidades y alcance sus metas profesionales con nuestra amplia variedad de cursos online con pr\u00e1cticas reales en nuestros centros nacionales.<\/p>\n\n\n<div class=\"wp-block-buttons is-horizontal is-content-justification-center is-layout-flex wp-container-core-buttons-is-layout-499968f5 wp-block-buttons-is-layout-flex\">\n<div class=\"wp-block-button has-custom-width wp-block-button__width-50 buton-transformacion\"><a class=\"wp-block-button__link has-text-color has-background wp-element-button\" href=\"https:\/\/arme.academiaindustrial.com\/?page_id=17\" style=\"border-radius:50px;color:#ffffff;background-color:#000000\" target=\"_blank\" rel=\"noreferrer noopener\">\u00bfEmpezamos la formaci\u00f3n?<\/a><\/div>\n<\/div>\n\n\n\n<div style=\"height:156px\" aria-hidden=\"true\" class=\"wp-block-spacer\"><\/div>\n\n\n\n<div class=\"wp-block-media-text alignfull is-stacked-on-mobile is-image-fill sensei-pattern-media has-text-color has-background has-link-color wp-elements-6fb9ae2a1aa7e3884ccd8b8ee29cfc3e\" style=\"color:#ffffff;background-color:#121c1c;grid-template-columns:45% auto\"><figure class=\"wp-block-media-text__media\" style=\"background-image:url(https:\/\/arme.academiaindustrial.com\/wp-content\/uploads\/2024\/01\/414d772a-93c2-47d1-a2c0-aa407a358270.jpeg);background-position:34% 48%\"><img loading=\"lazy\" decoding=\"async\" width=\"1024\" height=\"1024\" src=\"https:\/\/arme.academiaindustrial.com\/wp-content\/uploads\/2024\/01\/414d772a-93c2-47d1-a2c0-aa407a358270.jpeg\" alt=\"\" class=\"wp-image-539 size-full\" srcset=\"https:\/\/arme.academiaindustrial.com\/wp-content\/uploads\/2024\/01\/414d772a-93c2-47d1-a2c0-aa407a358270.jpeg 1024w, https:\/\/arme.academiaindustrial.com\/wp-content\/uploads\/2024\/01\/414d772a-93c2-47d1-a2c0-aa407a358270-300x300.jpeg 300w, https:\/\/arme.academiaindustrial.com\/wp-content\/uploads\/2024\/01\/414d772a-93c2-47d1-a2c0-aa407a358270-150x150.jpeg 150w, https:\/\/arme.academiaindustrial.com\/wp-content\/uploads\/2024\/01\/414d772a-93c2-47d1-a2c0-aa407a358270-768x768.jpeg 768w, https:\/\/arme.academiaindustrial.com\/wp-content\/uploads\/2024\/01\/414d772a-93c2-47d1-a2c0-aa407a358270-100x100.jpeg 100w, https:\/\/arme.academiaindustrial.com\/wp-content\/uploads\/2024\/01\/414d772a-93c2-47d1-a2c0-aa407a358270-500x500.jpeg 500w, https:\/\/arme.academiaindustrial.com\/wp-content\/uploads\/2024\/01\/414d772a-93c2-47d1-a2c0-aa407a358270-830x830.jpeg 830w, https:\/\/arme.academiaindustrial.com\/wp-content\/uploads\/2024\/01\/414d772a-93c2-47d1-a2c0-aa407a358270-180x180.jpeg 180w\" sizes=\"auto, (max-width: 1024px) 100vw, 1024px\" \/><\/figure><div class=\"wp-block-media-text__content\">\n<div class=\"wp-block-group has-link-color wp-elements-de9301389da9494787b189e982086a40\" style=\"padding-top:2em;padding-right:2em;padding-bottom:2em;padding-left:2em\"><div class=\"wp-block-group__inner-container is-layout-flow wp-block-group-is-layout-flow\">\n<h1 class=\"wp-block-heading nobreak has-white-color has-text-color has-large-font-size\" style=\"font-weight:700;line-height:1.15\">T\u00e9cnico instalador<\/h1>\n\n\n\n<p>En ARME Academy, le ofrecemos cursos  dise\u00f1ados para potenciar sus habilidades y conocimientos.<\/p>\n\n\n\n<p> Entre nuestros cursos destacados se encuentran p\u00edldoras formativas sobre Ingenier\u00eda en rob\u00f3tica m\u00f3vil donde aprender\u00e1 a programar y optimizar los recorridos de los robots.<\/p>\n\n\n\n<p><\/p>\n\n\n\n<p>\u00a1Convi\u00e9rtase en un experto en ingenier\u00eda  en rob\u00f3tica m\u00f3vil!<\/p>\n\n\n\n<p><\/p>\n\n\n\n<div class=\"wp-block-buttons is-layout-flex wp-block-buttons-is-layout-flex\">\n<div class=\"wp-block-button\"><a class=\"wp-block-button__link wp-element-button\" href=\"https:\/\/arme.academiaindustrial.com\/?product=tecnico-instalador\" target=\"_blank\" rel=\"noreferrer noopener\">\u00c1rea de implantadores<\/a><\/div>\n<\/div>\n<\/div><\/div>\n<\/div><\/div>\n\n\n\n<div style=\"height:156px\" aria-hidden=\"true\" class=\"wp-block-spacer\"><\/div>\n\n\n\n<div class=\"wp-block-media-text alignfull is-stacked-on-mobile is-vertically-aligned-center is-image-fill sensei-pattern-media has-text-color has-background has-link-color wp-elements-8ee2bb5fcd89d3fda172fcb3c61e2e6b\" style=\"color:#ffffff;background-color:#121c1c;grid-template-columns:45% auto\"><figure class=\"wp-block-media-text__media\" style=\"background-image:url(https:\/\/arme.academiaindustrial.com\/wp-content\/uploads\/2024\/01\/b9051e9e-1cc5-43b7-ae5b-4dad7a957a5e.jpeg);background-position:60% 46%\"><img loading=\"lazy\" decoding=\"async\" width=\"1024\" height=\"1024\" src=\"https:\/\/arme.academiaindustrial.com\/wp-content\/uploads\/2024\/01\/b9051e9e-1cc5-43b7-ae5b-4dad7a957a5e.jpeg\" alt=\"\" class=\"wp-image-542 size-full\" srcset=\"https:\/\/arme.academiaindustrial.com\/wp-content\/uploads\/2024\/01\/b9051e9e-1cc5-43b7-ae5b-4dad7a957a5e.jpeg 1024w, https:\/\/arme.academiaindustrial.com\/wp-content\/uploads\/2024\/01\/b9051e9e-1cc5-43b7-ae5b-4dad7a957a5e-300x300.jpeg 300w, https:\/\/arme.academiaindustrial.com\/wp-content\/uploads\/2024\/01\/b9051e9e-1cc5-43b7-ae5b-4dad7a957a5e-150x150.jpeg 150w, https:\/\/arme.academiaindustrial.com\/wp-content\/uploads\/2024\/01\/b9051e9e-1cc5-43b7-ae5b-4dad7a957a5e-768x768.jpeg 768w, https:\/\/arme.academiaindustrial.com\/wp-content\/uploads\/2024\/01\/b9051e9e-1cc5-43b7-ae5b-4dad7a957a5e-100x100.jpeg 100w, https:\/\/arme.academiaindustrial.com\/wp-content\/uploads\/2024\/01\/b9051e9e-1cc5-43b7-ae5b-4dad7a957a5e-500x500.jpeg 500w, https:\/\/arme.academiaindustrial.com\/wp-content\/uploads\/2024\/01\/b9051e9e-1cc5-43b7-ae5b-4dad7a957a5e-830x830.jpeg 830w, https:\/\/arme.academiaindustrial.com\/wp-content\/uploads\/2024\/01\/b9051e9e-1cc5-43b7-ae5b-4dad7a957a5e-180x180.jpeg 180w\" sizes=\"auto, (max-width: 1024px) 100vw, 1024px\" \/><\/figure><div class=\"wp-block-media-text__content\">\n<div class=\"wp-block-group has-link-color wp-elements-38b4d72c9e569f5a0783e31a78d50ab4\" style=\"padding-top:2em;padding-right:2em;padding-bottom:2em;padding-left:2em\"><div class=\"wp-block-group__inner-container is-layout-flow wp-block-group-is-layout-flow\">\n<h1 class=\"wp-block-heading nobreak has-white-color has-text-color has-large-font-size\" style=\"font-weight:700;line-height:1.15\">T\u00e9cnico instalador superior<\/h1>\n\n\n\n<p><\/p>\n\n\n\n<p>En Arme Academy, contamos con una selecci\u00f3n de cursos avanzados sobre implantaci\u00f3n de robots m\u00f3viles.<\/p>\n\n\n\n<p>Una vez superados los niveles del t\u00e9cnico podr\u00e1 acceder a formaci\u00f3n mucho m\u00e1s espec\u00edfica sobre gestores de flotas e interfaces de usuario. <\/p>\n\n\n\n<p>Estos cursos le brindar\u00e1n las bases necesarias par optimizar procesos en el \u00e1mbito de la implantaci\u00f3n de robots.<\/p>\n\n\n\n<div class=\"wp-block-buttons is-layout-flex wp-block-buttons-is-layout-flex\">\n<div class=\"wp-block-button\"><a class=\"wp-block-button__link wp-element-button\" href=\"https:\/\/arme.academiaindustrial.com\/?product=tecnico-instalador-superior\" target=\"_blank\" rel=\"noreferrer noopener\">\u00c1rea de implantadores avanzados<\/a><\/div>\n<\/div>\n<\/div><\/div>\n<\/div><\/div>\n\n\n\n<div style=\"height:156px\" aria-hidden=\"true\" class=\"wp-block-spacer\"><\/div>\n\n\n\n<div class=\"wp-block-media-text alignfull is-stacked-on-mobile is-vertically-aligned-center is-image-fill sensei-pattern-media has-text-color has-background has-link-color wp-elements-3d11c085f2e99ec77d2b6a83992d3180\" style=\"color:#ffffff;background-color:#121c1c;grid-template-columns:45% auto\"><figure class=\"wp-block-media-text__media\" style=\"background-image:url(https:\/\/arme.academiaindustrial.com\/wp-content\/uploads\/2024\/01\/881c6344-1cb7-4add-9ec1-5be357b9082a.jpeg);background-position:62% 47%\"><img loading=\"lazy\" decoding=\"async\" width=\"1024\" height=\"1024\" src=\"https:\/\/arme.academiaindustrial.com\/wp-content\/uploads\/2024\/01\/881c6344-1cb7-4add-9ec1-5be357b9082a.jpeg\" alt=\"\" class=\"wp-image-540 size-full\" srcset=\"https:\/\/arme.academiaindustrial.com\/wp-content\/uploads\/2024\/01\/881c6344-1cb7-4add-9ec1-5be357b9082a.jpeg 1024w, https:\/\/arme.academiaindustrial.com\/wp-content\/uploads\/2024\/01\/881c6344-1cb7-4add-9ec1-5be357b9082a-300x300.jpeg 300w, https:\/\/arme.academiaindustrial.com\/wp-content\/uploads\/2024\/01\/881c6344-1cb7-4add-9ec1-5be357b9082a-150x150.jpeg 150w, https:\/\/arme.academiaindustrial.com\/wp-content\/uploads\/2024\/01\/881c6344-1cb7-4add-9ec1-5be357b9082a-768x768.jpeg 768w, https:\/\/arme.academiaindustrial.com\/wp-content\/uploads\/2024\/01\/881c6344-1cb7-4add-9ec1-5be357b9082a-100x100.jpeg 100w, https:\/\/arme.academiaindustrial.com\/wp-content\/uploads\/2024\/01\/881c6344-1cb7-4add-9ec1-5be357b9082a-500x500.jpeg 500w, https:\/\/arme.academiaindustrial.com\/wp-content\/uploads\/2024\/01\/881c6344-1cb7-4add-9ec1-5be357b9082a-830x830.jpeg 830w, https:\/\/arme.academiaindustrial.com\/wp-content\/uploads\/2024\/01\/881c6344-1cb7-4add-9ec1-5be357b9082a-180x180.jpeg 180w\" sizes=\"auto, (max-width: 1024px) 100vw, 1024px\" \/><\/figure><div class=\"wp-block-media-text__content\">\n<div class=\"wp-block-group has-link-color wp-elements-b20736ee1cb6563394524624342a970f\" style=\"padding-top:2em;padding-right:2em;padding-bottom:2em;padding-left:2em\"><div class=\"wp-block-group__inner-container is-layout-flow wp-block-group-is-layout-flow\">\n<h1 class=\"wp-block-heading has-white-color has-text-color has-large-font-size\" style=\"font-weight:700;line-height:1.15\">Desarrollador de negocio<\/h1>\n\n\n\n<p>\u00a1Mejora sus habilidades  con los cursos de ventas de Arme Academy!<\/p>\n\n\n\n<p> Nuestra academia en l\u00ednea ofrece una amplia gama de cursos dise\u00f1ados para ayudarle a dominar el arte de las ventas y alcanzar el \u00e9xito profesional.<\/p>\n\n\n\n<p>Nuestros docentes son expertos en  negociaci\u00f3n y le brindar\u00e1n una s\u00f3lida formaci\u00f3n y apoyo a lo largo del curso. <\/p>\n\n\n\n<p>No pierda la oportunidad de mejorar sus habilidades de ventas, finanzas y llevar su carrera al siguiente nivel. <\/p>\n\n\n\n<p>\u00a1Inscr\u00edbase en nuestros cursos de ventas hoy mismo!<\/p>\n\n\n\n<div class=\"wp-block-buttons is-layout-flex wp-block-buttons-is-layout-flex\">\n<div class=\"wp-block-button\"><a class=\"wp-block-button__link wp-element-button\" href=\"https:\/\/arme.academiaindustrial.com\/?product=desarrollador-de-negocio\" target=\"_blank\" rel=\"noreferrer noopener\">\u00c1rea de negocio<\/a><\/div>\n<\/div>\n<\/div><\/div>\n<\/div><\/div>\n\n\n\n<div style=\"height:156px\" aria-hidden=\"true\" class=\"wp-block-spacer\"><\/div>\n\n\n\n<div class=\"wp-block-media-text alignfull is-stacked-on-mobile is-vertically-aligned-center is-image-fill sensei-pattern-media has-text-color has-background has-link-color wp-elements-31e9a03271e98e2178776b65dd05ddda\" style=\"color:#ffffff;background-color:#121c1c;grid-template-columns:45% auto\"><figure class=\"wp-block-media-text__media\" style=\"background-image:url(https:\/\/arme.academiaindustrial.com\/wp-content\/uploads\/2024\/01\/463089ec-3b12-440f-be34-2f0533b72645.jpeg);background-position:52% 48%\"><img loading=\"lazy\" decoding=\"async\" width=\"1024\" height=\"1024\" src=\"https:\/\/arme.academiaindustrial.com\/wp-content\/uploads\/2024\/01\/463089ec-3b12-440f-be34-2f0533b72645.jpeg\" alt=\"\" class=\"wp-image-543 size-full\" srcset=\"https:\/\/arme.academiaindustrial.com\/wp-content\/uploads\/2024\/01\/463089ec-3b12-440f-be34-2f0533b72645.jpeg 1024w, https:\/\/arme.academiaindustrial.com\/wp-content\/uploads\/2024\/01\/463089ec-3b12-440f-be34-2f0533b72645-300x300.jpeg 300w, https:\/\/arme.academiaindustrial.com\/wp-content\/uploads\/2024\/01\/463089ec-3b12-440f-be34-2f0533b72645-150x150.jpeg 150w, https:\/\/arme.academiaindustrial.com\/wp-content\/uploads\/2024\/01\/463089ec-3b12-440f-be34-2f0533b72645-768x768.jpeg 768w, https:\/\/arme.academiaindustrial.com\/wp-content\/uploads\/2024\/01\/463089ec-3b12-440f-be34-2f0533b72645-100x100.jpeg 100w, https:\/\/arme.academiaindustrial.com\/wp-content\/uploads\/2024\/01\/463089ec-3b12-440f-be34-2f0533b72645-500x500.jpeg 500w, https:\/\/arme.academiaindustrial.com\/wp-content\/uploads\/2024\/01\/463089ec-3b12-440f-be34-2f0533b72645-830x830.jpeg 830w, https:\/\/arme.academiaindustrial.com\/wp-content\/uploads\/2024\/01\/463089ec-3b12-440f-be34-2f0533b72645-180x180.jpeg 180w\" sizes=\"auto, (max-width: 1024px) 100vw, 1024px\" \/><\/figure><div class=\"wp-block-media-text__content\">\n<div class=\"wp-block-group has-link-color wp-elements-7453e3825fd91647eb156550180bb950\" style=\"padding-top:2em;padding-right:2em;padding-bottom:2em;padding-left:2em\"><div class=\"wp-block-group__inner-container is-layout-flow wp-block-group-is-layout-flow\">\n<h1 class=\"wp-block-heading nobreak has-white-color has-text-color has-large-font-size\" style=\"font-weight:700;line-height:1.15\"><strong>C<\/strong>omunicaci\u00f3n de  pymes <\/h1>\n\n\n\n<p><br>\u00a1Potencia tu empresa en el mundo de la comunicaci\u00f3n, con los cursos especializados de Arme Academy!<\/p>\n\n\n\n<p>En nuestra plataforma de aprendizaje, te ofrecemos una selecci\u00f3n de cursos dise\u00f1ados para perfeccionar tus habilidades comunicativas.<\/p>\n\n\n\n<p>No dejes pasar la oportunidad de mejorar tus destrezas en comunicaci\u00f3n. \u00a1Inscr\u00edbete en nuestros cursos y descubre c\u00f3mo la comunicaci\u00f3n efectiva puede impulsar tu \u00e9xito!<\/p>\n\n\n\n<div class=\"wp-block-buttons is-layout-flex wp-block-buttons-is-layout-flex\">\n<div class=\"wp-block-button\"><a class=\"wp-block-button__link wp-element-button\" href=\"https:\/\/arme.academiaindustrial.com\/?page_id=17\" target=\"_blank\" rel=\"noreferrer noopener\">\u00c1rea de comunicaci\u00f3n<\/a><\/div>\n<\/div>\n<\/div><\/div>\n<\/div><\/div>\n\n\n\n<style>\n\n.nobreak{\n\tword-break: normal;\n}\n\n.entry-title{\n\tdisplay:none !important;\n}\n\n.espaciob{\n\tdisplay:none !important;\n}\n\n\n.content{\n\twidth: 100% !important;\n\tmax-width:100% !important;\n}\n\n.entry-content{\n\tpadding:0 !important;\n}\n\n.wrap{\n\tmax-width: 100% !important;\n}\n\n@media only screen and (max-width: 768px) {\n\t.titulo{\n\t\tfont-size: 4rem !important;\n\t}\n\t.espaciob{\n\t\tfont-size: 0.1rem !important;\n\t}\n\t\n\t.buton-transformacion a{\n\t\twidth: 120% !important;\n\t}\n\t\n\t.buton-transformacion{\n\t\tmargin-right:30px !important;\n\t}\n\t\n\t.h2-titulo{\n\t\tfont-size: 26px !important;\n\t}\n\t\n\t.ultim-p{\n\t\twidth: 90%;\n  margin: 0 auto;\n  margin-bottom: 53px;\n\t}\n\t\n\t.wp-block-media-text__content{\n\t\tpadding-left: 0 !important;\n\t}\n}\n\n.site-inner{\n\tpadding-top: 8% !important;\n}\n\n.modify-site{\n\tpadding-top:0% !important;\n\tmax-width: 100vw !important;\n\tpadding-left: 0px;\n  padding-right: 0px;\n}\n\n\n#genesis-sidebar-primary{\n\tdisplay:none;\n}\n\n#front-page-1{\n\tdisplay: none;\n}\n\n#front-page-2{\n\tdisplay: none;\n}\n\n#front-page-3{\n\tdisplay: none;\n}\n\n.modify-entry{\n\tmax-width:100vw !important;\n}\n\n.post-10557 .entry-header{\n\tdisplay: none;\n}\n\n.lesson .entry-content p{\n\tfont-size: 20px !important;\n}\n\n.page .entry-content p{\n\tfont-size: 20px !important;\n}\n\n.content p{\n\tfont-size: 20px !important;\n}\n\n.page .entry-content, .single .entry-content{\n\tmax-width:1000px;\n}\n\n.nav-prev{\n\ttext-align:center;\n\tfloat:none;\n\tpadding-bottom: 10px;\n\tpadding-top: 10px;\n}\n\n.nav-prev a{\n\tborder-bottom: 1.5px solid #009541;\n}\n\n.nav-next{\n\ttext-align:center;\n\tfloat:none;\n\tpadding-bottom: 10px;\n\tpadding-top: 10px;\n}\n\n.nav-next a{\n\tborder-bottom: 1.5px solid #009541;\n}\n\n.meta-nav{\n\tcolor: rgba(0,149,65,255);\n}\n\n\n.sensei-lms-flip__button a {\n  display: none;\n}\n.sensei-lms-flip__button:after {\n\tcolor: #4e8dc2;\n\tborder-bottom: 1px solid;\n  content: 'Click Tarjeta Giratoria';\n}\n\n#user-course-status-toggle a {\n\tcolor:black;\n\tfont-family: 'Lora', sans-serif;\n\tborder:0;\n\ttext-decoration:underline;\n}\n\n#user-course-status-toggle {\n  border: 1px solid #d3d3d3;\n}\n\n#user-course-status-toggle a.active {\n  border-bottom: 1px solid #d3d3d3;\n\tcolor:#235e22;\n}\n\n<\/style>\n","protected":false},"excerpt":{"rendered":"<p>Academy \u00a1Descubra nuestras 3+1 \u00e1reas de conocimiento especializadas! Le ayudamos a impulsar su carrera profesional y alcanzar el \u00e9xito en el mundo de la rob\u00f3tica m\u00f3vil, dot\u00e1ndole\u00a0 de formaci\u00f3n diferencial. Potencie sus habilidades y alcance sus metas profesionales con nuestra amplia variedad de cursos online con pr\u00e1cticas reales en nuestros centros nacionales.<\/p>\n","protected":false},"author":1,"featured_media":0,"parent":0,"menu_order":0,"comment_status":"closed","ping_status":"closed","template":"","meta":{"_genesis_hide_title":false,"_genesis_hide_breadcrumbs":false,"_genesis_hide_singular_image":false,"_genesis_hide_footer_widgets":false,"_genesis_custom_body_class":"","_genesis_custom_post_class":"","_genesis_layout":"","footnotes":""},"class_list":{"0":"post-553","1":"page","2":"type-page","3":"status-publish","5":"entry","6":"has-post-thumbnail"},"_links":{"self":[{"href":"https:\/\/arme.academiaindustrial.com\/index.php?rest_route=\/wp\/v2\/pages\/553","targetHints":{"allow":["GET"]}}],"collection":[{"href":"https:\/\/arme.academiaindustrial.com\/index.php?rest_route=\/wp\/v2\/pages"}],"about":[{"href":"https:\/\/arme.academiaindustrial.com\/index.php?rest_route=\/wp\/v2\/types\/page"}],"author":[{"embeddable":true,"href":"https:\/\/arme.academiaindustrial.com\/index.php?rest_route=\/wp\/v2\/users\/1"}],"replies":[{"embeddable":true,"href":"https:\/\/arme.academiaindustrial.com\/index.php?rest_route=%2Fwp%2Fv2%2Fcomments&post=553"}],"version-history":[{"count":32,"href":"https:\/\/arme.academiaindustrial.com\/index.php?rest_route=\/wp\/v2\/pages\/553\/revisions"}],"predecessor-version":[{"id":674,"href":"https:\/\/arme.academiaindustrial.com\/index.php?rest_route=\/wp\/v2\/pages\/553\/revisions\/674"}],"wp:attachment":[{"href":"https:\/\/arme.academiaindustrial.com\/index.php?rest_route=%2Fwp%2Fv2%2Fmedia&parent=553"}],"curies":[{"name":"wp","href":"https:\/\/api.w.org\/{rel}","templated":true}]}}